{"id":114,"date":"2009-08-04T11:34:47","date_gmt":"2009-08-04T09:34:47","guid":{"rendered":"http:\/\/geomantie-berlin.de\/?page_id=114"},"modified":"2024-06-21T14:23:45","modified_gmt":"2024-06-21T12:23:45","slug":"web-links","status":"publish","type":"page","link":"https:\/\/geomantie-berlin.de\/?page_id=114","title":{"rendered":"WebLinks"},"content":{"rendered":"\n<h3 class=\"wp-block-heading\"><a href=\"http:\/\/www.markopogacnik.com\" target=\"_blank\" rel=\"noopener noreferrer\">Marko Poga\u010dniks Homepage<\/a><\/h3>\n\n\n\n<blockquote class=\"wp-block-quote is-layout-flow wp-block-quote-is-layout-flow\">\n<p>Marko Poga\u010dnik was born in 1944 in Kranj, Slovenia, graduated as sculptor on the Academy of fine Arts in Ljubljana in 1967. Since 1979 he has been engaged in geomantic and Earth healing work.<\/p>\n<\/blockquote>\n\n\n\n<h3 class=\"wp-block-heading\"><a href=\"http:\/\/www.gaia-culture.org\" target=\"_blank\" rel=\"noreferrer noopener\">Gaia Culture e.V.<\/a><\/h3>\n\n\n\n<blockquote class=\"wp-block-quote is-layout-flow wp-block-quote-is-layout-flow\">\n<p>Der gemeinn\u00fctzige Verein &#8218;Gaia Culture e.V.&#8216;&nbsp; bringt Verbindungen zwischen innerer und \u00e4u\u00dferer Welt kreativ und spielerisch zum Ausdruck und unterst\u00fctzt den Geokultur-Impuls von Geomantie-Berlin.<\/p>\n<\/blockquote>\n\n\n\n<h3 class=\"wp-block-heading\"><a href=\"http:\/\/www.youtube.com\/watch?v=-_L6oXrPF5M\" target=\"_blank\" rel=\"noopener noreferrer\">Berlinsong von Mona Nylin<\/a><\/h3>\n\n\n\n<blockquote class=\"wp-block-quote is-layout-flow wp-block-quote-is-layout-flow\">\n<p>Hier ein Berlinsong von Mona Nylin, einer fantastischen schwedischen S\u00e4ngerin, die zur Zeit in Berlin lebt.<\/p>\n<\/blockquote>\n\n\n\n<h3 class=\"wp-block-heading\"><a href=\"http:\/\/www.geomantie-wien.at\" target=\"_blank\" rel=\"noopener noreferrer\">www.geomantie-wien.at<\/a><\/h3>\n\n\n\n<blockquote class=\"wp-block-quote is-layout-flow wp-block-quote-is-layout-flow\">\n<p>Wir sind eine Gruppe von Menschen, denen ihr Lebensraum sehr wichtig ist. Unser Interesse gilt den sichtbaren und unsichtbaren Vorg\u00e4ngen in der Natur- und Stadtlandschaft. Wir haben uns zum &#8222;Verein f\u00fcr geomantische Landschaftspflege&#8220; zusammengeschlossen.<\/p>\n<\/blockquote>\n\n\n\n<h3 class=\"wp-block-heading\"><a href=\"http:\/\/www.geomantie.net\" target=\"_blank\" rel=\"noopener noreferrer\">geomantie.net<\/a><\/h3>\n\n\n\n<blockquote class=\"wp-block-quote is-layout-flow wp-block-quote-is-layout-flow\">\n<p>Die Zeitschrift Hagia Chora hat sich rasch als ein bedeutendes Medium f\u00fcr neue Ideen und tiefe Einsichten in die Zusammenh\u00e4nge des Lebens auf unserem Planeten Erde etabliert. Auch die Internet-Seite <a title=\"geomantie.net\" href=\"http:\/\/www.geomantie.net\" target=\"_blank\" rel=\"noopener noreferrer\">geomantie.net<\/a> zeigt einen starken Trend, sich zu einem der wichtigsten Portale f\u00fcr relevante Lebensbereiche zu entwickeln.<\/p>\n<\/blockquote>\n\n\n\n<h3 class=\"wp-block-heading\"><a href=\"https:\/\/geomantie-engelberg.de\/\" target=\"_blank\" rel=\"noopener noreferrer\">GeomantieGruppe Engelberg<\/a><\/h3>\n\n\n\n<blockquote class=\"wp-block-quote is-layout-flow wp-block-quote-is-layout-flow\">\n<p>Die Geomantiegruppe &#8222;Engelberg&#8220; ist eine regionale Initiative im \u00f6stlichen Gro\u00dfraum von Stuttgart.<\/p>\n<\/blockquote>\n\n\n\n<h2 class=\"wp-block-heading\"><a href=\"https:\/\/geomantie-pforzheim-7.jimdosite.com\" target=\"_blank\" rel=\"noreferrer noopener\"><strong>Geomantie-Pforzheim<\/strong><\/a><\/h2>\n\n\n\n<blockquote class=\"wp-block-quote is-layout-flow wp-block-quote-is-layout-flow\">\n<p>Die Geomantiegruppe Pforzheim begann vor zehn Jahren ihre T\u00e4tigkeit: An Lichtmess 2014 hatte eine kleine Gruppe Geomanten den Wunsch, die unsichtbaren Qualit\u00e4ten der Stadt zu erforschen. Mehrmals im Jahr finden seither Begehungen und Exkursionen statt, um das \u00e4therische, astrale und geistige Gesamtsystem zu erkunden. <\/p>\n<\/blockquote>\n\n\n\n<h3 class=\"wp-block-heading\"><a rel=\"noopener noreferrer\" href=\"https:\/\/gg7.lima-city.de\/\" target=\"_blank\">GeomantieGruppe Stuttgart<\/a><\/h3>\n\n\n\n<blockquote class=\"wp-block-quote is-layout-flow wp-block-quote-is-layout-flow\">\n<p>Seit 1998 treffen sich in Stuttgart regelm\u00e4\u00dfig einmal im Monat an der Geomantie interessierte Menschen. Die Gruppe entstand nach einem Seminar mit Marko Pogacnik im Oktober 1998 und  erhielt weitere Impulse durch Seminare mit Ana Pogacnik 1999, 2002 und  2010 und seit 2007 durch die Arbeit von Wolfgang Schneider.<\/p>\n<\/blockquote>\n\n\n\n<h3 class=\"wp-block-heading\"><a href=\"http:\/\/www.lebensplan.com\" target=\"_blank\" rel=\"noopener noreferrer\">www.lebensplan.com<\/a><\/h3>\n\n\n\n<blockquote class=\"wp-block-quote is-layout-flow wp-block-quote-is-layout-flow\">\n<p>Die Webseite von Dipl. Ing. Susanne Lutz, mit Informationen zu <a title=\"Geomantie\" href=\"http:\/\/www.lebensplan.com\/geomantie\/was-ist-geomantie\" target=\"_blank\" rel=\"noopener noreferrer\">Geomantie<\/a>, <a title=\"Vastuberatung\" href=\"http:\/\/www.lebensplan.com\/vastu-vastuberatung\" target=\"_blank\" rel=\"noopener noreferrer\">Vastu Vidya<\/a> und <a title=\"YogaInfos\" href=\"http:\/\/www.lebensplan.com\/yoga-infos\" target=\"_blank\" rel=\"noopener noreferrer\">Yoga<\/a>.<\/p>\n<\/blockquote>\n\n\n\n<h3 class=\"wp-block-heading\">Sybille Petra Lorenz<\/h3>\n\n\n\n<blockquote class=\"wp-block-quote is-layout-flow wp-block-quote-is-layout-flow\">\n<p>Die Berliner Geomantin Sybille Petra Lorenz hat seit 1997 in der Berliner Geomantiegruppe mitgewirkt und bietet jetzt Kr\u00e4uter- und Kunstkurse unter anderem bei diversen Berliner Volkshochschulen an. Wir f\u00fchlen uns nach wie vor mit ihr verbunden.<\/p>\n\n\n\n<p>Bei Interesse gibt es Programme unter <strong>sybille.ela@web.de<\/strong>.<\/p>\n<\/blockquote>\n\n\n\n<h3 class=\"wp-block-heading\"><a href=\"http:\/\/www.lebensnetz-geomantie.de\" target=\"_blank\" rel=\"noreferrer noopener\" aria-label=\" (\u00f6ffnet in neuem Tab)\">lebensnetz-geomantie.de<\/a><\/h3>\n\n\n\n<blockquote class=\"wp-block-quote is-layout-flow wp-block-quote-is-layout-flow\">\n<p>Die Webpr\u00e4senz des europ\u00e4ischen Lebensnetz f\u00fcr Geomantie und Wandlung.<\/p>\n<\/blockquote>\n","protected":false},"excerpt":{"rendered":"<p>Marko Poga\u010dniks Homepage Marko Poga\u010dnik was born in 1944 in Kranj, Slovenia, graduated as sculptor on the Academy of fine Arts in Ljubljana in 1967. Since 1979 he has been engaged in geomantic and Earth healing work. Gaia Culture e.V. Der gemeinn\u00fctzige Verein &#8218;Gaia Culture e.V.&#8216;&nbsp; bringt Verbindungen zwischen innerer und \u00e4u\u00dferer Welt kreativ und [&hellip;]<\/p>\n","protected":false},"author":4,"featured_media":0,"parent":0,"menu_order":4,"comment_status":"closed","ping_status":"open","template":"","meta":{"footnotes":""},"class_list":["post-114","page","type-page","status-publish","hentry"],"_links":{"self":[{"href":"https:\/\/geomantie-berlin.de\/index.php?rest_route=\/wp\/v2\/pages\/114","targetHints":{"allow":["GET"]}}],"collection":[{"href":"https:\/\/geomantie-berlin.de\/index.php?rest_route=\/wp\/v2\/pages"}],"about":[{"href":"https:\/\/geomantie-berlin.de\/index.php?rest_route=\/wp\/v2\/types\/page"}],"author":[{"embeddable":true,"href":"https:\/\/geomantie-berlin.de\/index.php?rest_route=\/wp\/v2\/users\/4"}],"replies":[{"embeddable":true,"href":"https:\/\/geomantie-berlin.de\/index.php?rest_route=%2Fwp%2Fv2%2Fcomments&post=114"}],"version-history":[{"count":74,"href":"https:\/\/geomantie-berlin.de\/index.php?rest_route=\/wp\/v2\/pages\/114\/revisions"}],"predecessor-version":[{"id":4624,"href":"https:\/\/geomantie-berlin.de\/index.php?rest_route=\/wp\/v2\/pages\/114\/revisions\/4624"}],"wp:attachment":[{"href":"https:\/\/geomantie-berlin.de\/index.php?rest_route=%2Fwp%2Fv2%2Fmedia&parent=114"}],"curies":[{"name":"wp","href":"https:\/\/api.w.org\/{rel}","templated":true}]}}