{"id":2181,"date":"2013-11-12T15:44:39","date_gmt":"2013-11-12T13:44:39","guid":{"rendered":"http:\/\/geomantie-berlin.de\/?page_id=2181"},"modified":"2021-06-06T10:02:03","modified_gmt":"2021-06-06T08:02:03","slug":"gaia-touch-koerperkosmogramme","status":"publish","type":"page","link":"https:\/\/geomantie-berlin.de\/?page_id=2181","title":{"rendered":"GAIA TOUCH K\u00f6rperkosmogramme"},"content":{"rendered":"<h2><span style=\"color: #339966;\"><strong>K\u00f6rperkosmogramme f\u00fcr die Ber\u00fchrung von Mensch und Erde<\/strong><\/span><\/h2>\n<p>Wie kann ein Mensch oder eine Gruppe kreativ mit der gegenw\u00e4rtigen Zeit der gewaltigen Umw\u00e4lzungen auf allen Ebenen der irdischen Existenz umgehen?<br \/>\nWelche Werkzeuge haben wir zur Verf\u00fcgung, um die kosmische Wandlung in uns selbst und im irdischen Universum zu unterst\u00fctzen?<\/p>\n<p><strong>GAIA TOUCH K\u00f6rperkosmogramme<\/strong> sind seitens der elementaren Welt, der Natur und seitens der unterschiedlichen Orte der Erde als K\u00f6rper\u00fcbungen uns angeboten worden, um auf diese Frage antworten zu k\u00f6nnen \u2013 erfahren, gezeichnet und formuliert auf 24 Karten durch Marko Poga\u010dnik.<\/p>\n<p>Die \u00dcbungen werden als \u201eK\u00f6rperkosmogramme\u201c bezeichnet, da sie auf den urbildlichen Prinzipien des Lebens basieren und diese in einfache K\u00f6rper\u00fcbungen \u00fcbersetzen. Sie dienen sowohl zur pers\u00f6nlichen Einstimmung und Mitarbeit an der Transformation als auch als Werkzeug, um Gruppen zu bilden, in denen diese \u00dcbungen vermittelt und weitergegeben werden. Zum Segen allen Lebens.<\/p>\n<p><strong>Marko Poga\u010dnik<\/strong> Geomant, K\u00fcnstler und Buchautor aus Slowenien, hat durch sein Werk die Begriffe des mehrdimensionalen Raumes, der Kunst des Lebens, der Kosmogramme und des Erdkosmos gepr\u00e4gt. Zu seinen Erfindungen geh\u00f6rt auch die Lithopunktur als Erdakupunktur.<br \/>\nMarko Poga\u010dniks letztes Buch: \u201eDie Sprache der Kosmogramme\u201c, ist erschienen beim AT Verlag.<\/p>\n<div id=\"attachment_2184\" style=\"width: 452px\" class=\"wp-caption alignnone\"><img loading=\"lazy\" decoding=\"async\" aria-describedby=\"caption-attachment-2184\" class=\"wp-image-2184 size-full\" src=\"http:\/\/geomantie-berlin.de\/wp-content\/uploads\/2013\/11\/gaiatouch-markopogacnik1.jpg\" alt=\"Gaia Touch Kosmogramm Marko Pogacnik\" width=\"442\" height=\"292\" srcset=\"https:\/\/geomantie-berlin.de\/wp-content\/uploads\/2013\/11\/gaiatouch-markopogacnik1.jpg 442w, https:\/\/geomantie-berlin.de\/wp-content\/uploads\/2013\/11\/gaiatouch-markopogacnik1-300x198.jpg 300w\" sizes=\"auto, (max-width: 442px) 100vw, 442px\" \/><p id=\"caption-attachment-2184\" class=\"wp-caption-text\">Gaia Touch Kosmogramm Marko Pogacnik<\/p><\/div>\n<p><strong>Bestellung: 24 Karten<\/strong> mit den erl\u00e4uterten und gezeichneten \u00dcbungen werden in Englisch und in Deutsch angeboten und k\u00f6nnen bestellt werden bei:<br \/>\n<span style=\"color: #666699;\"><strong>Hagia Chora<\/strong> &#8211; Schule f\u00fcr Geomantie<\/span> \/ pf@hagia-chora.org; Peter Frank, Rathausplatz 15, 82362 Weilheim\/ Tel: 0881 9258945<\/p>\n<p><strong>Die Gaia Touch \u00dcbungen werden in Workshops und regelm\u00e4\u00dfig einmal w\u00f6chentlich in Berlin vermittelt.<\/strong><\/p>\n<p>Gaia-Touch-\u00dcbungsangebote mit: Johanna Gerber, Inge Zierach<\/p>\n","protected":false},"excerpt":{"rendered":"<p>K\u00f6rperkosmogramme f\u00fcr die Ber\u00fchrung von Mensch und Erde Wie kann ein Mensch oder eine Gruppe kreativ mit der gegenw\u00e4rtigen Zeit der gewaltigen Umw\u00e4lzungen auf allen Ebenen der irdischen Existenz umgehen? Welche Werkzeuge haben wir zur Verf\u00fcgung, um die kosmische Wandlung in uns selbst und im irdischen Universum zu unterst\u00fctzen? GAIA TOUCH K\u00f6rperkosmogramme sind seitens der [&hellip;]<\/p>\n","protected":false},"author":6,"featured_media":0,"parent":2177,"menu_order":0,"comment_status":"open","ping_status":"closed","template":"","meta":{"footnotes":""},"class_list":["post-2181","page","type-page","status-publish","hentry"],"_links":{"self":[{"href":"https:\/\/geomantie-berlin.de\/index.php?rest_route=\/wp\/v2\/pages\/2181","targetHints":{"allow":["GET"]}}],"collection":[{"href":"https:\/\/geomantie-berlin.de\/index.php?rest_route=\/wp\/v2\/pages"}],"about":[{"href":"https:\/\/geomantie-berlin.de\/index.php?rest_route=\/wp\/v2\/types\/page"}],"author":[{"embeddable":true,"href":"https:\/\/geomantie-berlin.de\/index.php?rest_route=\/wp\/v2\/users\/6"}],"replies":[{"embeddable":true,"href":"https:\/\/geomantie-berlin.de\/index.php?rest_route=%2Fwp%2Fv2%2Fcomments&post=2181"}],"version-history":[{"count":12,"href":"https:\/\/geomantie-berlin.de\/index.php?rest_route=\/wp\/v2\/pages\/2181\/revisions"}],"predecessor-version":[{"id":4205,"href":"https:\/\/geomantie-berlin.de\/index.php?rest_route=\/wp\/v2\/pages\/2181\/revisions\/4205"}],"up":[{"embeddable":true,"href":"https:\/\/geomantie-berlin.de\/index.php?rest_route=\/wp\/v2\/pages\/2177"}],"wp:attachment":[{"href":"https:\/\/geomantie-berlin.de\/index.php?rest_route=%2Fwp%2Fv2%2Fmedia&parent=2181"}],"curies":[{"name":"wp","href":"https:\/\/api.w.org\/{rel}","templated":true}]}}