{"id":2311,"date":"2014-03-17T14:16:10","date_gmt":"2014-03-17T12:16:10","guid":{"rendered":"http:\/\/geomantie-berlin.de\/?page_id=2311"},"modified":"2023-07-06T19:54:00","modified_gmt":"2023-07-06T17:54:00","slug":"unterstuetzung","status":"publish","type":"page","link":"https:\/\/geomantie-berlin.de\/?page_id=2311","title":{"rendered":"Spende"},"content":{"rendered":"\n<p>Da wir ehrenamtlich t\u00e4tig sind, freuen wir uns sehr \u00fcber Spenden. Die Arbeit f\u00fcr Geomantie-Berlin wird \u00fcber den gemeinn\u00fctzigen Verein Gaia Culture e.V abgedeckt. (<a href=\"http:\/\/www.gaia-culture.org\" target=\"_blank\" rel=\"noreferrer noopener\">gaia-culture.org<\/a>)<\/p>\n\n\n\n<p>\u00dcbrigens k\u00f6nnen Spenden bis 200,- Euro bei der Steuererkl\u00e4rung ohne eine entsprechende Best\u00e4tigung abgesetzt werden. Es reicht ein Ausdruck der Konto\u00fcberweisung mit dem Verwendungszweck \u201eGaia Culture e.V.\u201c Gr\u00f6\u00dfere Spenden w\u00e4ren nat\u00fcrlich wunderbar, sofern dies m\u00f6glich ist. Eine Spendenbescheinigung f\u00fcr Spenden ab 200 \u20ac, kann per Mail angefordert werden bei:<\/p>\n\n\n\n<p>i n  f o @ g e o m a n t i e &#8211; b e r l i n . d e<\/p>\n\n\n\n<p><strong>Unsere Kontodaten sind:<\/strong><\/p>\n\n\n\n<p>Gaia Culture e.V.<\/p>\n\n\n\n<p>GLS Bank<\/p>\n\n\n\n<p>IBAN<\/p>\n\n\n\n<p><strong>DE 75 43060967 1030 0576 00<\/strong><\/p>\n\n\n\n<p>Sie unterst\u00fctzen damit das Weiterbestehen und die gute Gestaltung der Website, das Nahe-bringen der Geomantie an andere Menschen und die Weiterentwicklung des Geokultur-Impulses.<\/p>\n\n\n\n<p>Vielen Dank, die Organisatoren von Geomantie-Berlin!<\/p>\n","protected":false},"excerpt":{"rendered":"<p>Da wir ehrenamtlich t\u00e4tig sind, freuen wir uns sehr \u00fcber Spenden. Die Arbeit f\u00fcr Geomantie-Berlin wird \u00fcber den gemeinn\u00fctzigen Verein Gaia Culture e.V abgedeckt. (gaia-culture.org) \u00dcbrigens k\u00f6nnen Spenden bis 200,- Euro bei der Steuererkl\u00e4rung ohne eine entsprechende Best\u00e4tigung abgesetzt werden. Es reicht ein Ausdruck der Konto\u00fcberweisung mit dem Verwendungszweck \u201eGaia Culture e.V.\u201c Gr\u00f6\u00dfere Spenden w\u00e4ren [&hellip;]<\/p>\n","protected":false},"author":6,"featured_media":0,"parent":2177,"menu_order":5,"comment_status":"open","ping_status":"closed","template":"","meta":{"footnotes":""},"class_list":["post-2311","page","type-page","status-publish","hentry"],"_links":{"self":[{"href":"https:\/\/geomantie-berlin.de\/index.php?rest_route=\/wp\/v2\/pages\/2311","targetHints":{"allow":["GET"]}}],"collection":[{"href":"https:\/\/geomantie-berlin.de\/index.php?rest_route=\/wp\/v2\/pages"}],"about":[{"href":"https:\/\/geomantie-berlin.de\/index.php?rest_route=\/wp\/v2\/types\/page"}],"author":[{"embeddable":true,"href":"https:\/\/geomantie-berlin.de\/index.php?rest_route=\/wp\/v2\/users\/6"}],"replies":[{"embeddable":true,"href":"https:\/\/geomantie-berlin.de\/index.php?rest_route=%2Fwp%2Fv2%2Fcomments&post=2311"}],"version-history":[{"count":9,"href":"https:\/\/geomantie-berlin.de\/index.php?rest_route=\/wp\/v2\/pages\/2311\/revisions"}],"predecessor-version":[{"id":4515,"href":"https:\/\/geomantie-berlin.de\/index.php?rest_route=\/wp\/v2\/pages\/2311\/revisions\/4515"}],"up":[{"embeddable":true,"href":"https:\/\/geomantie-berlin.de\/index.php?rest_route=\/wp\/v2\/pages\/2177"}],"wp:attachment":[{"href":"https:\/\/geomantie-berlin.de\/index.php?rest_route=%2Fwp%2Fv2%2Fmedia&parent=2311"}],"curies":[{"name":"wp","href":"https:\/\/api.w.org\/{rel}","templated":true}]}}