{"id":326,"date":"2009-11-02T22:02:09","date_gmt":"2009-11-02T20:02:09","guid":{"rendered":"http:\/\/geomantie-berlin.de\/?page_id=326"},"modified":"2026-03-01T14:35:57","modified_gmt":"2026-03-01T12:35:57","slug":"uber-uns","status":"publish","type":"page","link":"https:\/\/geomantie-berlin.de\/?page_id=326","title":{"rendered":"\u00dcber uns"},"content":{"rendered":"\n<p>Geomantie Berlin ist hervorgegangen aus der Berliner Geomantiegruppe, die sich 1996 das erste Mal zusammenfand. Damals begegneten wir uns nach einem Seminar mit Marko Poga\u010dnik in Berlin, <a title=\"Marko Poga\u010dniks Homepage\" href=\"http:\/\/www.markopogacnik.com\" target=\"_blank\" rel=\"noopener noreferrer\">MarkoPogacnik.com<\/a>. Seit dieser Zeit finden regelm\u00e4\u00dfig Gruppentreffen statt. In den letzten Jahren brachte ein vielf\u00e4ltiges Angebot eine Weiterentwicklung mit sich: neben den Geomantiegruppen-Treffen entstanden l\u00e4ngerfristige Stadtteilprojekte, wir nahmen an Festivals und Aktionstagen teil, es gab Workshops in und um Berlin, wiederholt angebotene Seminare zur Wahrnehmungsschulung, Landart-Projekte, Einladungen an befreundete Geomanten und osteurop\u00e4ische Geomantiegruppen sowie Lebensnetztreffen in Berlin.<\/p>\n\n\n\n<p>Die Basis in allen unseren Projekten bildet der innere und \u00e4u\u00dfere Raum der vertiefenden Wahrnehmung in einem gemeinsamen Erfahrungsprozess. Innerhalb dieser Arbeit besch\u00e4ftigen wir uns mit den unterschiedlichsten Orten in und um Berlin. Oft geht es darum, die urspr\u00fcngliche Qualit\u00e4t der (Stadt-) Landschaft erfahrbar zu machen und durch verschiedene Formen des kreativen Ausdrucks ein tieferes Verst\u00e4ndnis daf\u00fcr zu entwickeln. So ist ein weites Feld von geomantischen Angeboten entstanden \u2013 ein mehrdimensionales Raumgewebe &#8211; fokussiert um die Wesenheit von Berlin.<\/p>\n\n\n<div class=\"wp-block-image\">\n<figure class=\"alignleft size-full\"><img loading=\"lazy\" decoding=\"async\" width=\"180\" height=\"172\" src=\"https:\/\/geomantie-berlin.de\/wp-content\/uploads\/2026\/03\/logo_gruen_kl.jpg\" alt=\"\" class=\"wp-image-4838\" title=\"Internationales Lebensnetz f\u00fcr Geomantie und Wandlung\"\/><\/figure>\n<\/div>\n\n\n<p>Geomantie Berlin wird getragen von Menschen, die in wertsch\u00e4tzender Haltung bewusst\u00a0 Verantwortung \u00fcbernehmen f\u00fcr unsere Stadt. Wir wirken mit im Lebensnetz f\u00fcr Geomantie und Wandlung. <a href=\"https:\/\/www.lebensnetz-geomantie.de\/\" target=\"_blank\" rel=\"noreferrer noopener\">www.lebensnetz-geomantie.de<\/a><\/p>\n\n\n\n<p>Dies ist ein internationales Netzwerk f\u00fcr Menschen, deren Herzensanliegen es ist, einen Begegnungsraum zu schaffen f\u00fcr einen lebendigen Austausch mit dem Bewusstsein der Erde.<\/p>\n\n\n\n<p>Unsere Arbeitstreffen finden regelm\u00e4\u00dfig statt. Sie stehen allen Interessierten offen und k\u00f6nnen ohne Vorkenntnisse besucht werden. Anmeldung erbeten! Eine Teilnahme an den Vorbereitungstreffen ist kostenlos.<\/p>\n\n\n\n<p>F\u00fcr die vorbereiteten Gesamttreffen erheben wir einen Unkostenbeitrag zur Deckung der Betreuungskosten unserer Website.<\/p>\n\n\n\n<p><strong>Wir sind eine politisch neutrale Gruppe. Wir distanzieren uns von rassistischen, v\u00f6lkischen, menschenverachtenden sowie politisch extremistischen Inhalten jedweder Art.<\/strong><\/p>\n","protected":false},"excerpt":{"rendered":"<p>Geomantie Berlin ist hervorgegangen aus der Berliner Geomantiegruppe, die sich 1996 das erste Mal zusammenfand. Damals begegneten wir uns nach einem Seminar mit Marko Poga\u010dnik in Berlin, MarkoPogacnik.com. Seit dieser Zeit finden regelm\u00e4\u00dfig Gruppentreffen statt. In den letzten Jahren brachte ein vielf\u00e4ltiges Angebot eine Weiterentwicklung mit sich: neben den Geomantiegruppen-Treffen entstanden l\u00e4ngerfristige Stadtteilprojekte, wir nahmen [&hellip;]<\/p>\n","protected":false},"author":4,"featured_media":0,"parent":0,"menu_order":0,"comment_status":"closed","ping_status":"open","template":"","meta":{"footnotes":""},"class_list":["post-326","page","type-page","status-publish","hentry"],"_links":{"self":[{"href":"https:\/\/geomantie-berlin.de\/index.php?rest_route=\/wp\/v2\/pages\/326","targetHints":{"allow":["GET"]}}],"collection":[{"href":"https:\/\/geomantie-berlin.de\/index.php?rest_route=\/wp\/v2\/pages"}],"about":[{"href":"https:\/\/geomantie-berlin.de\/index.php?rest_route=\/wp\/v2\/types\/page"}],"author":[{"embeddable":true,"href":"https:\/\/geomantie-berlin.de\/index.php?rest_route=\/wp\/v2\/users\/4"}],"replies":[{"embeddable":true,"href":"https:\/\/geomantie-berlin.de\/index.php?rest_route=%2Fwp%2Fv2%2Fcomments&post=326"}],"version-history":[{"count":99,"href":"https:\/\/geomantie-berlin.de\/index.php?rest_route=\/wp\/v2\/pages\/326\/revisions"}],"predecessor-version":[{"id":4841,"href":"https:\/\/geomantie-berlin.de\/index.php?rest_route=\/wp\/v2\/pages\/326\/revisions\/4841"}],"wp:attachment":[{"href":"https:\/\/geomantie-berlin.de\/index.php?rest_route=%2Fwp%2Fv2%2Fmedia&parent=326"}],"curies":[{"name":"wp","href":"https:\/\/api.w.org\/{rel}","templated":true}]}}