{"id":3262,"date":"2016-04-05T19:47:54","date_gmt":"2016-04-05T17:47:54","guid":{"rendered":"http:\/\/geomantie-berlin.de\/?page_id=3262"},"modified":"2020-01-03T12:18:18","modified_gmt":"2020-01-03T10:18:18","slug":"geomantieprojekte","status":"publish","type":"page","link":"https:\/\/geomantie-berlin.de\/?page_id=3262","title":{"rendered":"Geomantie-Berlin Projekte"},"content":{"rendered":"\n<h3 class=\"wp-block-heading\"><strong>Ausgesuchte Projektbeispiele der aktiven Teilnehmenden<\/strong><\/h3>\n\n\n\n<p><span style=\"color: #e94273;\"><strong>Soziale Kunst und Co-kreative Projekte<\/strong><\/span><\/p>\n\n\n\n<ul class=\"wp-block-list\"><li>Tempelhof Parikram \u2013 Interreligi\u00f6ser Pilgerpfad auf dem Tempelhofer Feld \/ (<a rel=\"noopener noreferrer\" href=\"http:\/\/geomantie-berlin.de\/projekt_pdf\/Interreligioeser_Pilgerpfad.pdf\" target=\"_blank\">Projekt PDF Datei<\/a>)<\/li><li>Deutsch-\u00e4gyptische Freundschaft \/ (<a rel=\"noopener noreferrer\" href=\"http:\/\/geomantie-berlin.de\/projekt_pdf\/Deutsch-Aegyptische-Freundschaft.pdf\" target=\"_blank\">Projekt PDF Datei<\/a>)<\/li><li>Hier spricht der Ort (1) \/ (<a rel=\"noopener noreferrer\" href=\"http:\/\/geomantie-berlin.de\/projekt_pdf\/Hier_spricht_der_Ort _1.pdf\" target=\"_blank\">Projekt PDF Datei<\/a>)<\/li><li>Hier spricht der Ort (2) \/ (<a rel=\"noopener noreferrer\" href=\"http:\/\/geomantie-berlin.de\/projekt_pdf\/Hier_spricht_der_Ort _2.pdf\" target=\"_blank\">Projekt PDF Datei<\/a>)<\/li><li>Geomantischer Spaziergang &#8211; NGBK-Projekt \/ (<a rel=\"noopener noreferrer\" href=\"http:\/\/geomantie-berlin.de\/projekt_pdf\/Burnt_Out_Case.pdf\" target=\"_blank\">Projekt PDF Datei<\/a>)<\/li><li>Untersuchung des RAW-Gel\u00e4ndes \u2013 Studentisches Projekt<\/li><li>Wie hast Du das blo\u00df geschafft-Starke Orte-Starke Menschen \/ (<a href=\"http:\/\/geomantie-berlin.de\/wp-content\/uploads\/2020\/01\/Wie-hast-Du-das-blo\u00df-geschafft.pdf\" target=\"_blank\" rel=\"noreferrer noopener\" aria-label=\"Projekt PDF Datei (\u00f6ffnet in neuem Tab)\">Projekt PDF Datei<\/a>) <\/li><\/ul>\n\n\n\n<p><span style=\"color: #e94273;\"><strong>(Stadt-) Landschaft und Gesundheit<\/strong><\/span><\/p>\n\n\n\n<ul class=\"wp-block-list\"><li>Natur- und Gesundheitspfad Herzberge \/ (<a rel=\"noopener noreferrer\" href=\"http:\/\/www.lebensplan.com\/landschaftspark-herzberge\" target=\"_blank\">lebensplan.com\/landschaftspark-herzberge<\/a>)<\/li><li>Urbaner Gesundheitsparcours<\/li><li>Landscapeyoga \/ (<a rel=\"noopener noreferrer\" href=\"http:\/\/geomantie-berlin.de\/projekt_pdf\/Landscapeyoga_Yoga.pdf\" target=\"_blank\">Projekt PDF Datei<\/a>)<\/li><li>BLIQ Komm&#8216; mit bleib fit \/ (<a rel=\"noreferrer noopener\" aria-label=\" (\u00f6ffnet in neuem Tab)\" href=\"http:\/\/geomantie-berlin.de\/wp-content\/uploads\/2020\/01\/BLIQ_Komm-mit-bleib-fit.pdf\" target=\"_blank\">Projekt PDF Datei<\/a>)<\/li><li>Erlebnis.Campus \/ (<a href=\"http:\/\/geomantie-berlin.de\/wp-content\/uploads\/2020\/01\/Erlebnis.Campus-Webseite.pdf\" target=\"_blank\" rel=\"noreferrer noopener\" aria-label=\" (\u00f6ffnet in neuem Tab)\">Projekt PDF Datei<\/a>)   <\/li><\/ul>\n\n\n\n<p><span style=\"color: #e94273;\"><strong>Darstellende Kunst<\/strong><\/span><\/p>\n\n\n\n<ul class=\"wp-block-list\"><li>Sommernachtstraum \/ (<a href=\"http:\/\/geomantie-berlin.de\/projekt_pdf\/Sommernachtstraum.pdf\" target=\"_blank\" rel=\"noopener noreferrer\">Projekt PDF Datei<\/a>)<\/li><li>Undine<\/li><\/ul>\n\n\n\n<p><span style=\"color: #e94273;\"><strong>Gemeinschafts-(Wohn)Projekte<\/strong><\/span><\/p>\n\n\n\n<p>Geomantie-Berlin organisiert partizipative geomantische Erforschungen der Grundst\u00fccke und Geb\u00e4ude mit den Bewohnern zusammen. Somit k\u00f6nnen Orte der Kraft entstehen<\/p>\n\n\n\n<ul class=\"wp-block-list\"><li>Seminarhaus Zichow \/ (<a href=\"https:\/\/www.seminarhausuckermark.de\" target=\"_blank\" rel=\"noopener noreferrer\">SeminarHausUckermark.de<\/a>)<\/li><li>Findlingshof Strausberg \/ (<a href=\"https:\/\/findlingshof-strausberg.de\/\" target=\"_blank\" rel=\"noopener noreferrer\">Findlingshof-Strausberg.de<\/a>)<\/li><li>Arche Metropolis \/ (<a href=\"http:\/\/geomantie-berlin.de\/projekt_pdf\/Arche_Metropolis_Tempelhofer_Feld.pdf\" target=\"_blank\" rel=\"noopener noreferrer\">Projekt PDF Datei<\/a>)<\/li><li>Palazzo Pitti \/ (<a href=\"http:\/\/swagroup.wixsite.com\/palazzo-pitti\" target=\"_blank\" rel=\"noopener noreferrer\">Palazzo Pitti Hompage<\/a>)<\/li><\/ul>\n\n\n\n<p><span style=\"color: #e94273;\"><strong>Vortr\u00e4ge \/ Seminare<\/strong><\/span><\/p>\n\n\n\n<p>Weitere Seminare siehe Archiv (auf der Webseite unter: Blog-Beitr\u00e4ge-Archiv)<\/p>\n\n\n\n<ul class=\"wp-block-list\"><li>IST-Konferenz Wuppertal (International Sustainability Transition); Panel-Speaker<\/li><li>3-Berge-Seminar<\/li><li>7-Seen-Seminar<\/li><li>Langer Tag der Stadtnatur ab 2013 \/ (<a href=\"http:\/\/geomantie-berlin.de\/projekt_pdf\/Im_Dialog_mit_der_Landschaft.pdf\" target=\"_blank\" rel=\"noopener noreferrer\">Projekt PDF Datei<\/a>)<\/li><li>Zukunft-Erde-Festivals Berlin 2010 bis 2014 \/ (<a href=\"http:\/\/geomantie-berlin.de\/?p=1720\">einige Fotos von 2013<\/a>)<\/li><li>Fachtagung Lebendige Stadt &#8211; Gesunde Menschen \/ (<a href=\"http:\/\/geomantie-berlin.de\/wp-content\/uploads\/2018\/04\/180411_Projektbeschreibung.pdf\" target=\"_blank\" rel=\"noopener noreferrer\">Projekt PDF Datei<\/a>)<\/li><\/ul>\n\n\n\n<p><span style=\"color: #e94273;\"><strong>Ver\u00f6ffentlichungen<\/strong><\/span><\/p>\n\n\n\n<ul class=\"wp-block-list\"><li>Auf der Spur der Irokesen \/ (<a href=\"http:\/\/www.kreuzberg-nachrichten.de\/kultur\/die-frau-die-vom-himmel-fiel\/\" target=\"_blank\" rel=\"noopener noreferrer\">http:\/\/www.kreuzberg-nachrichten.de<\/a>)<\/li><li>Die G\u00f6ttinnen von Potsdam mit zwei Kapiteln von Geomantie-Berlin \/ (<a href=\"https:\/\/www.amazon.de\/Die-G%C3%B6ttinnen-von-Potsdam-Geomantie\/dp\/3927369594\/ref=sr_1_2?ie=UTF8&amp;qid=1484363278&amp;sr=8-2&amp;keywords=Die+G%C3%B6ttinnen+von+Potsdam\" target=\"_blank\" rel=\"noopener noreferrer\">Die G\u00f6ttinnen von Potsdam: Geomantie zwischen Havel, Spree und Panke &#8211; <strong>bei Amazon<\/strong><\/a>)<\/li><li>Sein-Magazin 272, 4\/2018 \/ <a href=\"https:\/\/www.sein.de\/die-berliner-geomantiegruppe-mehrdimensionalitaet-der-wirklichkeit\/\" target=\"_blank\" rel=\"noopener noreferrer\">www.sein.de\/die-berliner-geomantiegruppe-mehrdimensionalitaet-der-wirklichkeit\/<\/a><\/li><\/ul>\n","protected":false},"excerpt":{"rendered":"<p>Ausgesuchte Projektbeispiele der aktiven Teilnehmenden Soziale Kunst und Co-kreative Projekte Tempelhof Parikram \u2013 Interreligi\u00f6ser Pilgerpfad auf dem Tempelhofer Feld \/ (Projekt PDF Datei) Deutsch-\u00e4gyptische Freundschaft \/ (Projekt PDF Datei) Hier spricht der Ort (1) \/ (Projekt PDF Datei) Hier spricht der Ort (2) \/ (Projekt PDF Datei) Geomantischer Spaziergang &#8211; NGBK-Projekt \/ (Projekt PDF Datei) [&hellip;]<\/p>\n","protected":false},"author":7,"featured_media":0,"parent":0,"menu_order":0,"comment_status":"closed","ping_status":"closed","template":"","meta":{"footnotes":""},"class_list":["post-3262","page","type-page","status-publish","hentry"],"_links":{"self":[{"href":"https:\/\/geomantie-berlin.de\/index.php?rest_route=\/wp\/v2\/pages\/3262","targetHints":{"allow":["GET"]}}],"collection":[{"href":"https:\/\/geomantie-berlin.de\/index.php?rest_route=\/wp\/v2\/pages"}],"about":[{"href":"https:\/\/geomantie-berlin.de\/index.php?rest_route=\/wp\/v2\/types\/page"}],"author":[{"embeddable":true,"href":"https:\/\/geomantie-berlin.de\/index.php?rest_route=\/wp\/v2\/users\/7"}],"replies":[{"embeddable":true,"href":"https:\/\/geomantie-berlin.de\/index.php?rest_route=%2Fwp%2Fv2%2Fcomments&post=3262"}],"version-history":[{"count":34,"href":"https:\/\/geomantie-berlin.de\/index.php?rest_route=\/wp\/v2\/pages\/3262\/revisions"}],"predecessor-version":[{"id":3964,"href":"https:\/\/geomantie-berlin.de\/index.php?rest_route=\/wp\/v2\/pages\/3262\/revisions\/3964"}],"wp:attachment":[{"href":"https:\/\/geomantie-berlin.de\/index.php?rest_route=%2Fwp%2Fv2%2Fmedia&parent=3262"}],"curies":[{"name":"wp","href":"https:\/\/api.w.org\/{rel}","templated":true}]}}