{"id":4078,"date":"2020-09-30T14:38:06","date_gmt":"2020-09-30T12:38:06","guid":{"rendered":"http:\/\/geomantie-berlin.de\/?page_id=4078"},"modified":"2020-09-30T14:59:04","modified_gmt":"2020-09-30T12:59:04","slug":"elementarwesen","status":"publish","type":"page","link":"https:\/\/geomantie-berlin.de\/?page_id=4078","title":{"rendered":"Elementarwesen"},"content":{"rendered":"\n<p>Eine Veranschaulichung einiger Wesenheiten im Erdenkreis, illustriert von Amira Meyer. Dies ist eine sehr plakative Darstellung, zum Teil so, wie wir es in unserem Kulturkreis aus Sagen und M\u00e4rchen kennen. Oft zeigen sich diese Wesenheiten als pl\u00f6tzlich auftretende Gef\u00fchle und\/oder innere Bilder und\/ oder Farben und\/ oder T\u00f6ne und\/ oder auch Ger\u00fcche. Wichtig ist, sich daf\u00fcr zu \u00f6ffnen und es f\u00fcr m\u00f6glich zu halten, dass diese Wesenheiten in einer multidimensionalen Welt existieren k\u00f6nnen.<\/p>\n\n\n\n<figure class=\"wp-block-image size-full\"><img loading=\"lazy\" decoding=\"async\" width=\"1000\" height=\"1414\" src=\"http:\/\/geomantie-berlin.de\/wp-content\/uploads\/2020\/09\/elementarwesen.jpg\" alt=\"Elementarwesen\" class=\"wp-image-4079\" srcset=\"https:\/\/geomantie-berlin.de\/wp-content\/uploads\/2020\/09\/elementarwesen.jpg 1000w, https:\/\/geomantie-berlin.de\/wp-content\/uploads\/2020\/09\/elementarwesen-212x300.jpg 212w, https:\/\/geomantie-berlin.de\/wp-content\/uploads\/2020\/09\/elementarwesen-724x1024.jpg 724w, https:\/\/geomantie-berlin.de\/wp-content\/uploads\/2020\/09\/elementarwesen-624x882.jpg 624w\" sizes=\"auto, (max-width: 1000px) 100vw, 1000px\" \/><figcaption>Elementarwesen Copyright by Amira<\/figcaption><\/figure>\n\n\n\n<p><\/p>\n","protected":false},"excerpt":{"rendered":"<p>Eine Veranschaulichung einiger Wesenheiten im Erdenkreis, illustriert von Amira Meyer. Dies ist eine sehr plakative Darstellung, zum Teil so, wie wir es in unserem Kulturkreis aus Sagen und M\u00e4rchen kennen. Oft zeigen sich diese Wesenheiten als pl\u00f6tzlich auftretende Gef\u00fchle und\/oder innere Bilder und\/ oder Farben und\/ oder T\u00f6ne und\/ oder auch Ger\u00fcche. Wichtig ist, sich [&hellip;]<\/p>\n","protected":false},"author":7,"featured_media":0,"parent":0,"menu_order":0,"comment_status":"open","ping_status":"closed","template":"","meta":{"footnotes":""},"class_list":["post-4078","page","type-page","status-publish","hentry"],"_links":{"self":[{"href":"https:\/\/geomantie-berlin.de\/index.php?rest_route=\/wp\/v2\/pages\/4078","targetHints":{"allow":["GET"]}}],"collection":[{"href":"https:\/\/geomantie-berlin.de\/index.php?rest_route=\/wp\/v2\/pages"}],"about":[{"href":"https:\/\/geomantie-berlin.de\/index.php?rest_route=\/wp\/v2\/types\/page"}],"author":[{"embeddable":true,"href":"https:\/\/geomantie-berlin.de\/index.php?rest_route=\/wp\/v2\/users\/7"}],"replies":[{"embeddable":true,"href":"https:\/\/geomantie-berlin.de\/index.php?rest_route=%2Fwp%2Fv2%2Fcomments&post=4078"}],"version-history":[{"count":4,"href":"https:\/\/geomantie-berlin.de\/index.php?rest_route=\/wp\/v2\/pages\/4078\/revisions"}],"predecessor-version":[{"id":4085,"href":"https:\/\/geomantie-berlin.de\/index.php?rest_route=\/wp\/v2\/pages\/4078\/revisions\/4085"}],"wp:attachment":[{"href":"https:\/\/geomantie-berlin.de\/index.php?rest_route=%2Fwp%2Fv2%2Fmedia&parent=4078"}],"curies":[{"name":"wp","href":"https:\/\/api.w.org\/{rel}","templated":true}]}}